{"id":11,"date":"2023-02-08T11:32:15","date_gmt":"2023-02-08T10:32:15","guid":{"rendered":"https:\/\/cryocel.fr\/?page_id=11"},"modified":"2023-02-08T17:54:39","modified_gmt":"2023-02-08T16:54:39","slug":"cryolipolyse","status":"publish","type":"page","link":"https:\/\/cryocel.fr\/?page_id=11","title":{"rendered":"CRYOLIPOLYSE"},"content":{"rendered":"\t\t<div data-elementor-type=\"wp-page\" data-elementor-id=\"11\" class=\"elementor elementor-11\">\n\t\t\t\t\t\t<section class=\"elementor-section elementor-top-section elementor-element elementor-element-db538ab elementor-section-boxed elementor-section-height-default elementor-section-height-default\" data-id=\"db538ab\" data-element_type=\"section\" data-e-type=\"section\">\n\t\t\t\t\t\t<div class=\"elementor-container elementor-column-gap-default\">\n\t\t\t\t\t<div class=\"elementor-column elementor-col-100 elementor-top-column elementor-element elementor-element-2cbb5b0\" data-id=\"2cbb5b0\" data-element_type=\"column\" data-e-type=\"column\">\n\t\t\t<div class=\"elementor-widget-wrap elementor-element-populated\">\n\t\t\t\t\t\t<div class=\"elementor-element elementor-element-c8f72e5 elementor-widget elementor-widget-text-editor\" data-id=\"c8f72e5\" data-element_type=\"widget\" data-e-type=\"widget\" data-widget_type=\"text-editor.default\">\n\t\t\t\t<div class=\"elementor-widget-container\">\n\t\t\t\t\t\t\t\t\t<h4 style=\"font-weight: 400;\">La cryolipolyse est un traitement non invasif avec comme objectif th\u00e9rapeutique la destruction des cellules graisseuses sous l\u2019action du froid intense pendant\u00a0<strong>45 \u00e0 60 mn dans une chambre d\u2019aspiration appeler Cryode<\/strong>.<\/h4>\t\t\t\t\t\t\t\t<\/div>\n\t\t\t\t<\/div>\n\t\t\t\t\t<\/div>\n\t\t<\/div>\n\t\t\t\t\t<\/div>\n\t\t<\/section>\n\t\t\t\t<section class=\"elementor-section elementor-top-section elementor-element elementor-element-7aed59f elementor-section-boxed elementor-section-height-default elementor-section-height-default\" data-id=\"7aed59f\" data-element_type=\"section\" data-e-type=\"section\">\n\t\t\t\t\t\t<div class=\"elementor-container elementor-column-gap-default\">\n\t\t\t\t\t<div class=\"elementor-column elementor-col-100 elementor-top-column elementor-element elementor-element-254edc5\" data-id=\"254edc5\" data-element_type=\"column\" data-e-type=\"column\">\n\t\t\t<div class=\"elementor-widget-wrap elementor-element-populated\">\n\t\t\t\t\t\t<div class=\"elementor-element elementor-element-7f12aff elementor-widget elementor-widget-text-editor\" data-id=\"7f12aff\" data-element_type=\"widget\" data-e-type=\"widget\" data-widget_type=\"text-editor.default\">\n\t\t\t\t<div class=\"elementor-widget-container\">\n\t\t\t\t\t\t\t\t\t<h5 style=\"font-weight: 400;\">La temp\u00e9rature cible se situe entre\u00a0<strong>0\u00b0 et \u201311<\/strong>\u00a0\u00b0 suivant les zones et l\u2019\u00e9paisseur du pli adipeux trait\u00e9.<br \/>C\u2019est une technique tr\u00e8s efficace dans le traitement de zones tr\u00e8s localis\u00e9es que ce soit chez la femme ou chez l\u2019homme.<\/h5><h5 style=\"font-weight: 400;\">Ce n\u2019est absolument pas le traitement du surpoids !<br \/>La cryolipolyse s\u2019adresse aux personnes ayant une hygi\u00e8ne de vie normale et pr\u00e9sentant des zones disgracieuses rebelles \u00e0 la perte de poids et au sport.<\/h5><h5 style=\"font-weight: 400;\">Elle \u00e9limine de mani\u00e8re d\u00e9finitive les amas graisseux.\u00a0<br \/>C\u2019est l\u2019alternative \u00e0 la liposuccion, technique cette fois chirurgicale, invasive qui pr\u00e9sente de nombreux effets secondaires.\u00a0<br \/>La cryolipolyse est le traitement de choix pour les personnes pr\u00e9sentant des rondeurs disgracieuses.<\/h5><h5 style=\"font-weight: 400;\">\u00c0 chaque s\u00e9ance,\u00a0<strong>30 \u00e0 40% du pli adipeux est d\u00e9truit<\/strong>.\u00a0On consid\u00e8re que le r\u00e9sultat optimal est atteint au\u00a0<strong>bout de 3 s\u00e9ances<\/strong>.<\/h5><h5 style=\"font-weight: 400;\"><strong>Les m\u00e9canismes physiologiques :<br \/><\/strong>Les cellules graisseuses semblent plus sensibles au froid que les autres cellules.\u00a0Ce froid intense et contr\u00f4l\u00e9 va aboutir \u00e0 la mort cellulaire :\u00a0<strong>c\u2019est l\u2019apoptose<\/strong>.<br \/>La cellule graisseuse va ainsi se r\u00e9tracter, se vider de son contenu et enfin se n\u00e9croser pour \u00eatre ensuite \u00e9liminer par les voies lymphatiques.\u00a0<br \/>Il est tr\u00e8s important de comprendre et d\u2019admettre que cette \u00e9limination reste lente et progressive.<br \/>Les premiers r\u00e9sultats ne seront visibles qu\u2019\u00e0\u00a0<strong>partir du 1er mois<\/strong>\u00a0jusqu\u2019au<strong>\u00a03\u00e8me mois post traitement<\/strong>.<\/h5><h5 style=\"font-weight: 400;\">\u00c0 4 mois, nous avons les r\u00e9sultats d\u00e9finitifs.\u00a0Il ne faut donc pas se pr\u00e9cipiter pour mettre en place la 2\u00e8me s\u00e9ance de cryolipolyse.<br \/>Il peut \u00eatre int\u00e9ressant de s\u2019automasser la zone trait\u00e9e r\u00e9guli\u00e8rement afin d\u2019acc\u00e9l\u00e9rer l\u2019\u00e9limination naturelle des cellules mortes.<br \/>L\u2019examen clinique, le questionnaire m\u00e9dical permettront de confirmer si vous \u00eates \u00e9ligible \u00e0 ce type de traitement.<\/h5><h5 style=\"font-weight: 400;\"><strong>Il faudra lever les contre-indications majeures et relatives :<br \/><\/strong>\u2013 Anatomiques, vasculaires et m\u00e9taboliques<\/h5><h5 style=\"font-weight: 400;\"><strong>Les principales \u00e9tant :<br \/><\/strong>\u2013 Insuffisance R\u00e9nale<br \/>\u2013 Traitement anticoagulant<br \/>\u2013 Maladie de Raynaud<br \/>\u2013 Chimioth\u00e9rapie<br \/>\u2013 Grossesse<br \/>\u2013 Urticaire au froid<br \/>\u2013 Art\u00e9riopathie des membres inf\u00e9rieurs<br \/>\u2013 Hernie abdominale<br \/>\u2013 Port d\u2019un Pacemaker<\/h5><h5 style=\"font-weight: 400;\"><strong>Les contre-indications relatives :<br \/><\/strong>\u2013 Graisse trop fibreuse<br \/>\u2013 Pli adipeux trop petit ou \u00e0 l\u2019inverse trop important<br \/>\u2013 Cicatrices<\/h5><h5 style=\"font-weight: 400;\">Il est important avant tout de d\u00e9terminer quel type de graisse nous avons \u00e0 traiter.\u00a0<br \/>En effet, la graisse fibreuse r\u00e9pond mal \u00e0 la cryolipolyse.\u00a0<br \/>La graisse doit \u00eatre souple.\u00a0<br \/>Seule la palpation du pli adipeux permettra de d\u00e9finir \u00e0 quel type de graisse nous avons \u00e0 faire.<\/h5><h5 style=\"font-weight: 400;\"><strong>Quelques conseils simples \u00e0 mettre en place :<br \/><\/strong>La pratique d\u2019une activit\u00e9 physique r\u00e9guli\u00e8re pourra potentialiser le traitement.<br \/>Il faudra aussi s\u2019obliger \u00e0 boire r\u00e9guli\u00e8rement pendant les trois mois post traitement.<\/h5><h5 style=\"font-weight: 400;\"><strong>Remarque : la cryolipolyse n\u2019a aucun effet sur la cellulite.<br \/><\/strong>Des techniques de\u00a0<strong>\u00ab palper rouler \u00bb<\/strong>\u00a0m\u00e9canis\u00e9es r\u00e9pondent bien au traitement de la cellulite diffuse.<\/h5><h5 style=\"font-weight: 400;\"><strong>Les effets secondaires de la cryolipolyse :\u00a0<br \/><\/strong>La s\u00e9ance de cryolipolyse n\u2019est pas douloureuse sauf en cas d\u2019hyper sensibilit\u00e9 cutan\u00e9.<br \/>On peut ressentir une g\u00eane directement li\u00e9e \u00e0 l\u2019aspiration du pli cutan\u00e9 dans la chambre puis un picotement \u00e0 la suite de la chute de la temp\u00e9rature.<br \/>La zone est tr\u00e8s vite anesth\u00e9si\u00e9e par le froid induit dans la chambre d\u2019aspiration.<\/h5><h5 style=\"font-weight: 400;\">\u00c0 la fin de la s\u00e9ance, la zone trait\u00e9e peut pr\u00e9senter des rougeurs fr\u00e9quentes mais aussi des h\u00e9matomes superficiels qu\u2019il va falloir \u00e9liminer imm\u00e9diatement par un massage prolong\u00e9 de la zone.<\/h5><h5 style=\"font-weight: 400;\">Plus rarement et \u00e0 distance de la s\u00e9ance, le patient peut pr\u00e9senter des brulures, gelures ou hyperpigmentation mais ces ph\u00e9nom\u00e8nes restent extr\u00eamement rares.<\/h5><h5 style=\"font-weight: 400;\"><strong>Toute s\u00e9ance d\u00e9butera par un questionnaire + bilan m\u00e9dical :<\/strong><\/h5><h5 style=\"font-weight: 400;\"><strong>Le questionnaire :\u00a0<br \/><\/strong>Il pr\u00e9cisera les objectifs attendus, les habitudes alimentaires, les activit\u00e9s physiques r\u00e9alis\u00e9es, les traitements m\u00e9dicamenteux en cours et les contre-indications \u00e9ventuelles au traitement.<\/h5>\t\t\t\t\t\t\t\t<\/div>\n\t\t\t\t<\/div>\n\t\t\t\t\t<\/div>\n\t\t<\/div>\n\t\t\t\t\t<\/div>\n\t\t<\/section>\n\t\t\t\t<\/div>\n\t\t","protected":false},"excerpt":{"rendered":"<p>La cryolipolyse est un traitement non invasif avec comme objectif th\u00e9rapeutique la destruction des cellules graisseuses sous l\u2019action du froid intense pendant&nbsp;45 \u00e0 60 mn dans une chambre d\u2019aspiration appeler Cryode. La temp\u00e9rature cible se situe entre&nbsp;0\u00b0 et \u201311&nbsp;\u00b0 suivant &hellip; <a href=\"https:\/\/cryocel.fr\/?page_id=11\">Lire la suite\u00ad\u00ad<\/a><\/p>\n","protected":false},"author":1,"featured_media":0,"parent":0,"menu_order":0,"comment_status":"closed","ping_status":"closed","template":"","meta":{"kt_blocks_editor_width":"","footnotes":""},"class_list":["post-11","page","type-page","status-publish","hentry"],"_links":{"self":[{"href":"https:\/\/cryocel.fr\/index.php?rest_route=\/wp\/v2\/pages\/11","targetHints":{"allow":["GET"]}}],"collection":[{"href":"https:\/\/cryocel.fr\/index.php?rest_route=\/wp\/v2\/pages"}],"about":[{"href":"https:\/\/cryocel.fr\/index.php?rest_route=\/wp\/v2\/types\/page"}],"author":[{"embeddable":true,"href":"https:\/\/cryocel.fr\/index.php?rest_route=\/wp\/v2\/users\/1"}],"replies":[{"embeddable":true,"href":"https:\/\/cryocel.fr\/index.php?rest_route=%2Fwp%2Fv2%2Fcomments&post=11"}],"version-history":[{"count":17,"href":"https:\/\/cryocel.fr\/index.php?rest_route=\/wp\/v2\/pages\/11\/revisions"}],"predecessor-version":[{"id":166,"href":"https:\/\/cryocel.fr\/index.php?rest_route=\/wp\/v2\/pages\/11\/revisions\/166"}],"wp:attachment":[{"href":"https:\/\/cryocel.fr\/index.php?rest_route=%2Fwp%2Fv2%2Fmedia&parent=11"}],"curies":[{"name":"wp","href":"https:\/\/api.w.org\/{rel}","templated":true}]}}